{"id":28,"date":"2020-01-06T18:48:53","date_gmt":"2020-01-06T18:48:53","guid":{"rendered":"http:\/\/sterndeuter.franz-records.at\/?page_id=28"},"modified":"2025-01-03T22:57:58","modified_gmt":"2025-01-03T22:57:58","slug":"sterndeuter-kollektiv","status":"publish","type":"page","link":"https:\/\/sterndeuter.franz-records.at\/","title":{"rendered":"Sterndeuter-Kollektiv"},"content":{"rendered":"\n<p class=\"has-text-align-center\"><strong>Wir deuten mit unseren Songs am liebsten auf etwas, das in den Augen von vielen Menschen klein und weit weg ist. <\/strong><br> Aber uns l\u00e4sst es nicht in Ruhe, l\u00e4sst uns nachts nicht schlafen.<\/p>\n\n\n\n<figure class=\"wp-block-image size-large\"><img loading=\"lazy\" decoding=\"async\" width=\"640\" height=\"480\" src=\"http:\/\/sterndeuter.franz-records.at\/wp-content\/uploads\/2020\/01\/jeepney_detail.jpg\" alt=\"\" class=\"wp-image-7\" srcset=\"https:\/\/sterndeuter.franz-records.at\/wp-content\/uploads\/2020\/01\/jeepney_detail.jpg 640w, https:\/\/sterndeuter.franz-records.at\/wp-content\/uploads\/2020\/01\/jeepney_detail-300x225.jpg 300w\" sizes=\"auto, (max-width: 640px) 100vw, 640px\" \/><\/figure>\n\n\n\n<p><strong>Angefangen hat es im letzten Jahrtausend.<\/strong><\/p>\n\n\n\n<p>Es war an einem Weihnachtsabend. Wir waren Kinder: jung und naiv. Und wir wollten die Welt ver\u00e4ndern. Wenn Weihnachten bedeutet, dass Frieden und Gl\u00fcck auf der Welt herrschen sollen, dann war uns zu wenig, einfach nur den Familienmitgliedern und guten Freunden Geschenke zu schenken. <br> <strong>Wir wollten mehr: <\/strong>Wir wollten eine Welt in Frieden und Gerechtigkeit, ohne Hunger und Zerst\u00f6rung. Also sind wir f\u00fcr eine gerechtere Welt von Haus zu Haus gezogen, als \u201eHl. 3 K\u00f6nige\u201c gekleidet. Wir haben in gereimten Spr\u00fcchen von Leuten erz\u00e4hlt, die von Gewalt und Unterdr\u00fcckung betroffen sind, wir haben von der Hoffnung auf eine friedliche Welt gesungen und wir haben Geld gesammelt. <br> <strong><br> Dann wollten wir noch mehr:<\/strong><br> Wir wollten mehr als nur unser Stadtviertel in Wr. Neustadt erreichen. Wir wollten die Sternsinger-Botschaft \u00fcber den \u00f6ffentlich rechtlichen Rundfunk verbreiten, \u00fcber \u00d63. Aber wie kommt eine der \u00e4ltesten Boygroups mit ihrem traditionellen Liedgut in einen Sender, der nur die \u201egr\u00f6\u00dften Hits der 80er und 90er\u201c spielen wollte? \u2013 Wir verpackten also Segen, Spruch &amp; Sternsingerbotschaft in einen Popsong! Mit rollenden Reimen sang zu Emilia\u2019s \u201eBig Big World\u201c der \u201eMelchior mit dem kalten Ohr, vor deinem Tor, ein Lied vor\u201c oder \u201eYesterday\u201c wurde zu \u201eBes-ter-Tee bei der Frau die immer l\u00e4s-ter-te\u201c.<br> <br> <strong>Und dann sind wir \u00e4lter und erwachsen geworden, \u2026<\/strong><br> Wir haben nicht nur am 6. J\u00e4nner gespielt, sondern wir waren als \u201eSterndeuter-Kollektiv\u201c auch immer \u00f6fter unterm Jahr zu h\u00f6ren: z.B. im WUK und im Caf\u00e9 Afro im AAI in Wien, oder in Eisenstadt bei der Konferenz der \u00f6sterreichischen Weltl\u00e4den, oder beim Sternsinger-Cocktail der ED Wien oder beim \u201eNeust\u00e4dter Zukunfts-Dialog\u201c und der Industrieviertel-Akademie im Bildungszentrum St. Bernhard, bei der KAB-Versammlung zum \u201eGlobal Marshall-Plan\u201c, im Festsaal der Sparkasse bei der Weltladen-Er\u00f6ffnung, \u2026<br> <br> Und wir haben weiter Lieder gesungen \u00fcber Menschen, die Gewalt und Unterdr\u00fcckung erlitten haben: \u00dcber Ernte-Arbeiter auf Zuckerrohr-Feldern (\u201eEs gibt wenig Sochn, de mi st\u00f6rn, aber Zucker muss billiger wern\u201c), \u00fcber \u201eArigona in der L\u00f6wengrube\u201c oder \u00fcber die Misshandlungen von Polizisten an Asylwerbern (\u201e8 Monat bedingt\u201c \u2013 Der Bakary-J.-Song), \u2026.<br> <br> <strong>die sterndeuter ham gold, weihrauch, myrrhe.<br> warum ham die sterndeuter ka brot?<br> weil\u2019s ka mehl ham.<br> <br> Aba a mail hamma: <\/strong><a rel=\"noreferrer noopener\" href=\"mailto:sterndeuter.kollektiv@gmail.com\" target=\"_blank\">sterndeuter.kollektiv@gmail.com<\/a><\/p>\n","protected":false},"excerpt":{"rendered":"<p>Wir deuten mit unseren Songs am liebsten auf etwas, das in den Augen von vielen Menschen klein und weit weg ist. Aber uns l\u00e4sst es nicht in Ruhe, l\u00e4sst uns nachts nicht schlafen. Angefangen hat es im letzten Jahrtausend. Es war an einem Weihnachtsabend. Wir waren Kinder: jung und naiv. Und wir wollten die Welt [&hellip;]<\/p>\n","protected":false},"author":1,"featured_media":0,"parent":0,"menu_order":0,"comment_status":"closed","ping_status":"closed","template":"","meta":{"footnotes":""},"class_list":["post-28","page","type-page","status-publish","hentry"],"_links":{"self":[{"href":"https:\/\/sterndeuter.franz-records.at\/index.php?rest_route=\/wp\/v2\/pages\/28","targetHints":{"allow":["GET"]}}],"collection":[{"href":"https:\/\/sterndeuter.franz-records.at\/index.php?rest_route=\/wp\/v2\/pages"}],"about":[{"href":"https:\/\/sterndeuter.franz-records.at\/index.php?rest_route=\/wp\/v2\/types\/page"}],"author":[{"embeddable":true,"href":"https:\/\/sterndeuter.franz-records.at\/index.php?rest_route=\/wp\/v2\/users\/1"}],"replies":[{"embeddable":true,"href":"https:\/\/sterndeuter.franz-records.at\/index.php?rest_route=%2Fwp%2Fv2%2Fcomments&post=28"}],"version-history":[{"count":5,"href":"https:\/\/sterndeuter.franz-records.at\/index.php?rest_route=\/wp\/v2\/pages\/28\/revisions"}],"predecessor-version":[{"id":113,"href":"https:\/\/sterndeuter.franz-records.at\/index.php?rest_route=\/wp\/v2\/pages\/28\/revisions\/113"}],"wp:attachment":[{"href":"https:\/\/sterndeuter.franz-records.at\/index.php?rest_route=%2Fwp%2Fv2%2Fmedia&parent=28"}],"curies":[{"name":"wp","href":"https:\/\/api.w.org\/{rel}","templated":true}]}}