{"id":2,"date":"2020-01-05T21:30:47","date_gmt":"2020-01-05T21:30:47","guid":{"rendered":"http:\/\/sterndeuter.franz-records.at\/?page_id=2"},"modified":"2020-01-10T08:55:13","modified_gmt":"2020-01-10T08:55:13","slug":"sample-page","status":"publish","type":"page","link":"https:\/\/sterndeuter.franz-records.at\/?page_id=2","title":{"rendered":"Wer wir sind &#8230;"},"content":{"rendered":"\n<p>Das Sterndeuter-Kollektiv besteht aus folgenden Personen, die in wechselnder Besetzung zusammenspielen. Stefan der Caspar Narosy (perc, b, b-vcs), Tina der Melchior Narosy (sax, fl, perc, b-vcs), Andrea der Balthasar Watz (g, b, b-vcs), <a href=\"http:\/\/sterndeuter.franz-records.at\/?page_id=47\">Christoph die Myrrhe Kapovaz <\/a>(vcs, b, g, harp), Stefan das Dromedar Bauer (vcs, b-vcs, g, b), Emil Watz, (perc), Stephan Mitsch (g), Silvio Sinzinger (g, b-vcs), \u2026<\/p>\n\n\n\n<figure class=\"wp-block-image size-large\"><img loading=\"lazy\" decoding=\"async\" width=\"640\" height=\"480\" src=\"http:\/\/sterndeuter.franz-records.at\/wp-content\/uploads\/2020\/01\/emil_sterndeuter.jpg\" alt=\"\" class=\"wp-image-40\" srcset=\"https:\/\/sterndeuter.franz-records.at\/wp-content\/uploads\/2020\/01\/emil_sterndeuter.jpg 640w, https:\/\/sterndeuter.franz-records.at\/wp-content\/uploads\/2020\/01\/emil_sterndeuter-300x225.jpg 300w\" sizes=\"auto, (max-width: 640px) 100vw, 640px\" \/><\/figure>\n\n\n\n<p><\/p>\n\n\n\n<p>Ganz wichtige Lehrzeit haben wir als Sternsinger verbracht und uns vom Kassier bis zum Stern hochgearbeitet. Karriereh\u00f6hepunkte: H\u00f6chstes Wohnhaus im Wr. Neust\u00e4dter Zehnerviertel mit 9 Jahren. Sp\u00e4ter: Hofburg bei UHBP &#8211; damals noch beim wildumstrittenen &#8211; und dann bei Oliver Baier in \u00d63-Mahlzeit.<\/p>\n","protected":false},"excerpt":{"rendered":"<p>Das Sterndeuter-Kollektiv besteht aus folgenden Personen, die in wechselnder Besetzung zusammenspielen. Stefan der Caspar Narosy (perc, b, b-vcs), Tina der Melchior Narosy (sax, fl, perc, b-vcs), Andrea der Balthasar Watz (g, b, b-vcs), Christoph die Myrrhe Kapovaz (vcs, b, g, harp), Stefan das Dromedar Bauer (vcs, b-vcs, g, b), Emil Watz, (perc), Stephan Mitsch (g), [&hellip;]<\/p>\n","protected":false},"author":1,"featured_media":0,"parent":0,"menu_order":0,"comment_status":"closed","ping_status":"open","template":"","meta":{"footnotes":""},"class_list":["post-2","page","type-page","status-publish","hentry"],"_links":{"self":[{"href":"https:\/\/sterndeuter.franz-records.at\/index.php?rest_route=\/wp\/v2\/pages\/2","targetHints":{"allow":["GET"]}}],"collection":[{"href":"https:\/\/sterndeuter.franz-records.at\/index.php?rest_route=\/wp\/v2\/pages"}],"about":[{"href":"https:\/\/sterndeuter.franz-records.at\/index.php?rest_route=\/wp\/v2\/types\/page"}],"author":[{"embeddable":true,"href":"https:\/\/sterndeuter.franz-records.at\/index.php?rest_route=\/wp\/v2\/users\/1"}],"replies":[{"embeddable":true,"href":"https:\/\/sterndeuter.franz-records.at\/index.php?rest_route=%2Fwp%2Fv2%2Fcomments&post=2"}],"version-history":[{"count":4,"href":"https:\/\/sterndeuter.franz-records.at\/index.php?rest_route=\/wp\/v2\/pages\/2\/revisions"}],"predecessor-version":[{"id":50,"href":"https:\/\/sterndeuter.franz-records.at\/index.php?rest_route=\/wp\/v2\/pages\/2\/revisions\/50"}],"wp:attachment":[{"href":"https:\/\/sterndeuter.franz-records.at\/index.php?rest_route=%2Fwp%2Fv2%2Fmedia&parent=2"}],"curies":[{"name":"wp","href":"https:\/\/api.w.org\/{rel}","templated":true}]}}